{"id":14821,"date":"2024-04-14T20:46:56","date_gmt":"2024-04-14T17:46:56","guid":{"rendered":"https:\/\/lasakoski.fi\/mietbedingungen\/"},"modified":"2025-12-30T21:48:22","modified_gmt":"2025-12-30T19:48:22","slug":"mietbedingungen","status":"publish","type":"page","link":"https:\/\/lasakoski.fi\/de\/mietbedingungen\/","title":{"rendered":"Mietbedingungen"},"content":{"rendered":"\t\t<div data-elementor-type=\"wp-page\" data-elementor-id=\"14821\" class=\"elementor elementor-14821 elementor-8034\" data-elementor-post-type=\"page\">\n\t\t\t\t<div data-particle_enable=\"false\" data-particle-mobile-disabled=\"false\" class=\"elementor-element elementor-element-f2b2611 e-flex e-con-boxed e-con e-parent\" data-id=\"f2b2611\" data-element_type=\"container\" data-e-type=\"container\" data-settings=\"{&quot;background_background&quot;:&quot;classic&quot;,&quot;animation&quot;:&quot;none&quot;}\">\n\t\t\t\t\t<div class=\"e-con-inner\">\n\t\t\t\t<div class=\"elementor-element elementor-element-e871939 elementor-widget elementor-widget-heading\" data-id=\"e871939\" data-element_type=\"widget\" data-e-type=\"widget\" data-widget_type=\"heading.default\">\n\t\t\t\t<div class=\"elementor-widget-container\">\n\t\t\t\t\t<h1 class=\"elementor-heading-title elementor-size-default\">Mietbedingungen<\/h1>\t\t\t\t<\/div>\n\t\t\t\t<\/div>\n\t\t\t\t<div class=\"elementor-element elementor-element-d85c390 elementor-widget elementor-widget-text-editor\" data-id=\"d85c390\" data-element_type=\"widget\" data-e-type=\"widget\" data-widget_type=\"text-editor.default\">\n\t\t\t\t<div class=\"elementor-widget-container\">\n\t\t\t\t\t\t\t\t\t<p><span style=\"font-size: 18px; letter-spacing: 0.2px; background-color: #ffffff;\">Diese Bedingungen gelten f\u00fcr den Mietvertrag zwischen dem Vermieter (Firmenname: L\u00e4s\u00e4kosken Kartano Oy, 2442964-5), im Folgenden \u201eLKK\u201c genannt, und dem Mieter, im Folgenden \u201eMieter\u201c genannt, f\u00fcr die Anmietung eines Bootes oder anderer Nebengegenst\u00e4nde.<\/span><\/p>\t\t\t\t\t\t\t\t<\/div>\n\t\t\t\t<\/div>\n\t\t\t\t<div class=\"elementor-element elementor-element-d79a148 elementor-toc--minimized-on-tablet elementor-widget elementor-widget-table-of-contents\" data-id=\"d79a148\" data-element_type=\"widget\" data-e-type=\"widget\" data-settings=\"{&quot;headings_by_tags&quot;:[&quot;h3&quot;],&quot;exclude_headings_by_selector&quot;:[],&quot;no_headings_message&quot;:&quot;No headings were found on this page.&quot;,&quot;marker_view&quot;:&quot;numbers&quot;,&quot;minimize_box&quot;:&quot;yes&quot;,&quot;minimized_on&quot;:&quot;tablet&quot;,&quot;hierarchical_view&quot;:&quot;yes&quot;,&quot;min_height&quot;:{&quot;unit&quot;:&quot;px&quot;,&quot;size&quot;:&quot;&quot;,&quot;sizes&quot;:[]},&quot;min_height_tablet&quot;:{&quot;unit&quot;:&quot;px&quot;,&quot;size&quot;:&quot;&quot;,&quot;sizes&quot;:[]},&quot;min_height_mobile&quot;:{&quot;unit&quot;:&quot;px&quot;,&quot;size&quot;:&quot;&quot;,&quot;sizes&quot;:[]}}\" data-widget_type=\"table-of-contents.default\">\n\t\t\t\t<div class=\"elementor-widget-container\">\n\t\t\t\t\t\t\t\t\t<div class=\"elementor-toc__header\">\n\t\t\t\t\t\t<h2 class=\"elementor-toc__header-title\">\n\t\t\t\tInhalt\t\t\t<\/h2>\n\t\t\t\t\t\t\t\t\t\t<div class=\"elementor-toc__toggle-button elementor-toc__toggle-button--expand\" role=\"button\" tabindex=\"0\" aria-controls=\"elementor-toc__d79a148\" aria-expanded=\"true\" aria-label=\"Inhaltsverzeichnis \u00f6ffnen\"><i aria-hidden=\"true\" class=\"fas fa-chevron-down\"><\/i><\/div>\n\t\t\t\t<div class=\"elementor-toc__toggle-button elementor-toc__toggle-button--collapse\" role=\"button\" tabindex=\"0\" aria-controls=\"elementor-toc__d79a148\" aria-expanded=\"true\" aria-label=\"Inhaltsverzeichnis schlie\u00dfen\"><i aria-hidden=\"true\" class=\"fas fa-chevron-up\"><\/i><\/div>\n\t\t\t\t\t<\/div>\n\t\t\t\t<div id=\"elementor-toc__d79a148\" class=\"elementor-toc__body\">\n\t\t\t<div class=\"elementor-toc__spinner-container\">\n\t\t\t\t<i class=\"elementor-toc__spinner eicon-animation-spin eicon-loading\" aria-hidden=\"true\"><\/i>\t\t\t<\/div>\n\t\t<\/div>\n\t\t\t\t\t\t<\/div>\n\t\t\t\t<\/div>\n\t\t<div data-particle_enable=\"false\" data-particle-mobile-disabled=\"false\" class=\"elementor-element elementor-element-f84c101 e-flex e-con-boxed e-con e-child\" data-id=\"f84c101\" data-element_type=\"container\" data-e-type=\"container\">\n\t\t\t\t\t<div class=\"e-con-inner\">\n\t\t<div data-particle_enable=\"false\" data-particle-mobile-disabled=\"false\" class=\"elementor-element elementor-element-4177cfa e-flex e-con-boxed e-con e-child\" data-id=\"4177cfa\" data-element_type=\"container\" data-e-type=\"container\">\n\t\t\t\t\t<div class=\"e-con-inner\">\n\t\t\t\t<div class=\"elementor-element elementor-element-ff75d1b elementor-widget elementor-widget-heading\" data-id=\"ff75d1b\" data-element_type=\"widget\" data-e-type=\"widget\" data-widget_type=\"heading.default\">\n\t\t\t\t<div class=\"elementor-widget-container\">\n\t\t\t\t\t<h3 class=\"elementor-heading-title elementor-size-default\">Mietzeitraum<\/h3>\t\t\t\t<\/div>\n\t\t\t\t<\/div>\n\t\t\t\t<div class=\"elementor-element elementor-element-70ae274 elementor-widget elementor-widget-text-editor\" data-id=\"70ae274\" data-element_type=\"widget\" data-e-type=\"widget\" data-widget_type=\"text-editor.default\">\n\t\t\t\t<div class=\"elementor-widget-container\">\n\t\t\t\t\t\t\t\t\t<p>Der Mietzeitraum wird \u00fcber den Reservierungskalender auf der Website gebucht. Die Mietzeit beginnt und endet gem\u00e4\u00df dem Mietvertrag. <br><\/p>\t\t\t\t\t\t\t\t<\/div>\n\t\t\t\t<\/div>\n\t\t\t\t\t<\/div>\n\t\t\t\t<\/div>\n\t\t<div data-particle_enable=\"false\" data-particle-mobile-disabled=\"false\" class=\"elementor-element elementor-element-74dc95c e-flex e-con-boxed e-con e-child\" data-id=\"74dc95c\" data-element_type=\"container\" data-e-type=\"container\">\n\t\t\t\t\t<div class=\"e-con-inner\">\n\t\t\t\t<div class=\"elementor-element elementor-element-dfb673e elementor-widget elementor-widget-heading\" data-id=\"dfb673e\" data-element_type=\"widget\" data-e-type=\"widget\" data-widget_type=\"heading.default\">\n\t\t\t\t<div class=\"elementor-widget-container\">\n\t\t\t\t\t<h3 class=\"elementor-heading-title elementor-size-default\">Nutzung, \u00dcbergabe und R\u00fcckgabe des Bootes<\/h3>\t\t\t\t<\/div>\n\t\t\t\t<\/div>\n\t\t\t\t<div class=\"elementor-element elementor-element-ca8394c elementor-widget elementor-widget-text-editor\" data-id=\"ca8394c\" data-element_type=\"widget\" data-e-type=\"widget\" data-widget_type=\"text-editor.default\">\n\t\t\t\t<div class=\"elementor-widget-container\">\n\t\t\t\t\t\t\t\t\t<p><b>Nutzung und Pflege des Bootes<br><\/b><span style=\"font-size: 18px; color: var( --e-global-color-text ); letter-spacing: 0.2px; text-align: var(--text-align);\">Der Mieter ist f\u00fcr die Pflege des Bootes verantwortlich und muss besondere Sorgfalt und Vorsicht walten lassen sowie alle Gesetze und Vorschriften einhalten. Der Mieter ist daf\u00fcr verantwortlich, sicherzustellen, dass der Bootsf\u00fchrer \u00fcber ausreichende Kenntnisse und F\u00e4higkeiten verf\u00fcgt, um das gemietete Boot zu bedienen. <\/span><\/p>\t\t\t\t\t\t\t\t<\/div>\n\t\t\t\t<\/div>\n\t\t\t\t<div class=\"elementor-element elementor-element-74bf8b2 elementor-widget elementor-widget-text-editor\" data-id=\"74bf8b2\" data-element_type=\"widget\" data-e-type=\"widget\" data-widget_type=\"text-editor.default\">\n\t\t\t\t<div class=\"elementor-widget-container\">\n\t\t\t\t\t\t\t\t\t<p><strong>\u00dcbergabe und R\u00fcckgabe des Bootes<\/strong><br>\u00dcbergabe und R\u00fcckgabe des Bootes Das Boot wird dem Mieter zu Beginn der Mietzeit auf Gut L\u00e4s\u00e4koski oder am vereinbarten Ort \u00fcbergeben. Das Boot muss gem\u00e4\u00df Mietvertrag zum vereinbarten Zeitpunkt am vereinbarten Ort gereinigt und in ordnungsgem\u00e4\u00dfem Zustand zur\u00fcckgegeben werden. <\/p>\t\t\t\t\t\t\t\t<\/div>\n\t\t\t\t<\/div>\n\t\t\t\t\t<\/div>\n\t\t\t\t<\/div>\n\t\t<div data-particle_enable=\"false\" data-particle-mobile-disabled=\"false\" class=\"elementor-element elementor-element-751cac2 e-flex e-con-boxed e-con e-child\" data-id=\"751cac2\" data-element_type=\"container\" data-e-type=\"container\">\n\t\t\t\t\t<div class=\"e-con-inner\">\n\t\t\t\t<div class=\"elementor-element elementor-element-86075aa elementor-widget elementor-widget-heading\" data-id=\"86075aa\" data-element_type=\"widget\" data-e-type=\"widget\" data-widget_type=\"heading.default\">\n\t\t\t\t<div class=\"elementor-widget-container\">\n\t\t\t\t\t<h3 class=\"elementor-heading-title elementor-size-default\">Verantwortlichkeiten und Inspektionspflichten des Mieters<\/h3>\t\t\t\t<\/div>\n\t\t\t\t<\/div>\n\t\t\t\t<div class=\"elementor-element elementor-element-6479992 elementor-widget elementor-widget-text-editor\" data-id=\"6479992\" data-element_type=\"widget\" data-e-type=\"widget\" data-widget_type=\"text-editor.default\">\n\t\t\t\t<div class=\"elementor-widget-container\">\n\t\t\t\t\t\t\t\t\t<p><strong>Die Pflichten des Mieters<\/strong><br>Der Mieter haftet f\u00fcr alle Sch\u00e4den am Boot oder an dessen Ausr\u00fcstung, die w\u00e4hrend der Mietzeit entstehen, und ist verpflichtet, die Kosten, einschlie\u00dflich aller Kosten, die durch den Verlust von Mieteinnahmen entstehen, zu tragen, die erforderlich sind, um das Boot in den Zustand zur\u00fcckzuversetzen, in dem es sich bei der \u00dcbergabe an den Mieter befand.<\/p>\t\t\t\t\t\t\t\t<\/div>\n\t\t\t\t<\/div>\n\t\t\t\t<div class=\"elementor-element elementor-element-5b1eb9c elementor-widget elementor-widget-text-editor\" data-id=\"5b1eb9c\" data-element_type=\"widget\" data-e-type=\"widget\" data-widget_type=\"text-editor.default\">\n\t\t\t\t<div class=\"elementor-widget-container\">\n\t\t\t\t\t\t\t\t\t<p><strong>Inspektionspflicht<\/strong><br>Nach Erhalt des Bootes muss der Mieter dessen Zustand \u00fcberpr\u00fcfen und etwaige M\u00e4ngel melden.<\/p>\t\t\t\t\t\t\t\t<\/div>\n\t\t\t\t<\/div>\n\t\t\t\t\t<\/div>\n\t\t\t\t<\/div>\n\t\t<div data-particle_enable=\"false\" data-particle-mobile-disabled=\"false\" class=\"elementor-element elementor-element-8f08d57 e-flex e-con-boxed e-con e-child\" data-id=\"8f08d57\" data-element_type=\"container\" data-e-type=\"container\">\n\t\t\t\t\t<div class=\"e-con-inner\">\n\t\t\t\t<div class=\"elementor-element elementor-element-025d51b elementor-widget elementor-widget-heading\" data-id=\"025d51b\" data-element_type=\"widget\" data-e-type=\"widget\" data-widget_type=\"heading.default\">\n\t\t\t\t<div class=\"elementor-widget-container\">\n\t\t\t\t\t<h3 class=\"elementor-heading-title elementor-size-default\">Reparaturen, Wartung und Bootspflege<\/h3>\t\t\t\t<\/div>\n\t\t\t\t<\/div>\n\t\t\t\t<div class=\"elementor-element elementor-element-ee030cc elementor-widget elementor-widget-text-editor\" data-id=\"ee030cc\" data-element_type=\"widget\" data-e-type=\"widget\" data-widget_type=\"text-editor.default\">\n\t\t\t\t<div class=\"elementor-widget-container\">\n\t\t\t\t\t\t\t\t\t<p><strong>Reparaturen und Wartung<\/strong><br>Der Mieter darf ohne vorherige Genehmigung des Eigent\u00fcmers keine Reparaturen oder Wartungsarbeiten am Boot vornehmen. Normale Kontrollen des Bootes, wie die \u00dcberpr\u00fcfung des \u00d6l- und K\u00fchlmittelstands, sind zul\u00e4ssig. <\/p>\t\t\t\t\t\t\t\t<\/div>\n\t\t\t\t<\/div>\n\t\t\t\t<div class=\"elementor-element elementor-element-73b1597 elementor-widget elementor-widget-text-editor\" data-id=\"73b1597\" data-element_type=\"widget\" data-e-type=\"widget\" data-widget_type=\"text-editor.default\">\n\t\t\t\t<div class=\"elementor-widget-container\">\n\t\t\t\t\t\t\t\t\t<p><strong>Bootspflege<\/strong><br>Es obliegt dem Mieter, w\u00e4hrend der Mietzeit f\u00fcr die regelm\u00e4\u00dfige Inspektion und Sauberkeit des Bootes zu sorgen.<\/p>\t\t\t\t\t\t\t\t<\/div>\n\t\t\t\t<\/div>\n\t\t\t\t\t<\/div>\n\t\t\t\t<\/div>\n\t\t<div data-particle_enable=\"false\" data-particle-mobile-disabled=\"false\" class=\"elementor-element elementor-element-da9aebc e-flex e-con-boxed e-con e-child\" data-id=\"da9aebc\" data-element_type=\"container\" data-e-type=\"container\">\n\t\t\t\t\t<div class=\"e-con-inner\">\n\t\t\t\t<div class=\"elementor-element elementor-element-53dd54b elementor-widget elementor-widget-heading\" data-id=\"53dd54b\" data-element_type=\"widget\" data-e-type=\"widget\" data-widget_type=\"heading.default\">\n\t\t\t\t<div class=\"elementor-widget-container\">\n\t\t\t\t\t<h3 class=\"elementor-heading-title elementor-size-default\">Versicherung und Haftung<\/h3>\t\t\t\t<\/div>\n\t\t\t\t<\/div>\n\t\t\t\t<div class=\"elementor-element elementor-element-ae09a04 elementor-widget elementor-widget-text-editor\" data-id=\"ae09a04\" data-element_type=\"widget\" data-e-type=\"widget\" data-widget_type=\"text-editor.default\">\n\t\t\t\t<div class=\"elementor-widget-container\">\n\t\t\t\t\t\t\t\t\t<p><strong>Insurance<\/strong><br>Das Boot ist mit einer umfassenden Versicherung f\u00fcr Vermietungszwecke abgesichert. Die Versicherung deckt Sch\u00e4den auf See, beim Anlegen und beim Transport, Sch\u00e4den durch Feuer, Diebstahl und Vandalismus sowie Haftungssch\u00e4den ab. <\/p>\t\t\t\t\t\t\t\t<\/div>\n\t\t\t\t<\/div>\n\t\t\t\t<div class=\"elementor-element elementor-element-4b3a8b3 elementor-widget elementor-widget-text-editor\" data-id=\"4b3a8b3\" data-element_type=\"widget\" data-e-type=\"widget\" data-widget_type=\"text-editor.default\">\n\t\t\t\t<div class=\"elementor-widget-container\">\n\t\t\t\t\t\t\t\t\t<p><strong>Haftung f\u00fcr Sch\u00e4den<\/strong><br>Falls die Versicherung in Anspruch genommen werden muss, verpflichtet sich der Mieter zur Zusammenarbeit mit der Versicherung bei der Schadensregulierung.<\/p>\t\t\t\t\t\t\t\t<\/div>\n\t\t\t\t<\/div>\n\t\t\t\t\t<\/div>\n\t\t\t\t<\/div>\n\t\t<div data-particle_enable=\"false\" data-particle-mobile-disabled=\"false\" class=\"elementor-element elementor-element-715a8af e-flex e-con-boxed e-con e-child\" data-id=\"715a8af\" data-element_type=\"container\" data-e-type=\"container\">\n\t\t\t\t\t<div class=\"e-con-inner\">\n\t\t\t\t<div class=\"elementor-element elementor-element-960f008 elementor-widget elementor-widget-heading\" data-id=\"960f008\" data-element_type=\"widget\" data-e-type=\"widget\" data-widget_type=\"heading.default\">\n\t\t\t\t<div class=\"elementor-widget-container\">\n\t\t\t\t\t<h3 class=\"elementor-heading-title elementor-size-default\">Zahlungsbedingungen und Stornierungen<\/h3>\t\t\t\t<\/div>\n\t\t\t\t<\/div>\n\t\t\t\t<div class=\"elementor-element elementor-element-ccd8c18 elementor-widget elementor-widget-text-editor\" data-id=\"ccd8c18\" data-element_type=\"widget\" data-e-type=\"widget\" data-widget_type=\"text-editor.default\">\n\t\t\t\t<div class=\"elementor-widget-container\">\n\t\t\t\t\t\t\t\t\t<p><strong>Zahlungsbedingungen:<\/strong><br>Der Mietpreis richtet sich nach der aktuellen Preisliste. Die Zahlung erfolgt zu Beginn der Mietzeit. <\/p>\t\t\t\t\t\t\t\t<\/div>\n\t\t\t\t<\/div>\n\t\t\t\t<div class=\"elementor-element elementor-element-2013756 elementor-widget elementor-widget-text-editor\" data-id=\"2013756\" data-element_type=\"widget\" data-e-type=\"widget\" data-widget_type=\"text-editor.default\">\n\t\t\t\t<div class=\"elementor-widget-container\">\n\t\t\t\t\t\t\t\t\t<p><strong>Stornierungsbedingungen:<\/strong><br>Bei einer Stornierung 8 Tage oder mehr vor Beginn der Reservierung betr\u00e4gt die Stornogeb\u00fchr 30 % des Gesamtbestellwerts. Bei einer Stornierung 7 Tage oder weniger vor Beginn betr\u00e4gt die Stornogeb\u00fchr 100 %. <\/p>\t\t\t\t\t\t\t\t<\/div>\n\t\t\t\t<\/div>\n\t\t\t\t\t<\/div>\n\t\t\t\t<\/div>\n\t\t<div data-particle_enable=\"false\" data-particle-mobile-disabled=\"false\" class=\"elementor-element elementor-element-b5c5420 e-flex e-con-boxed e-con e-child\" data-id=\"b5c5420\" data-element_type=\"container\" data-e-type=\"container\">\n\t\t\t\t\t<div class=\"e-con-inner\">\n\t\t\t\t<div class=\"elementor-element elementor-element-a3f7dad elementor-widget elementor-widget-heading\" data-id=\"a3f7dad\" data-element_type=\"widget\" data-e-type=\"widget\" data-widget_type=\"heading.default\">\n\t\t\t\t<div class=\"elementor-widget-container\">\n\t\t\t\t\t<h3 class=\"elementor-heading-title elementor-size-default\">Die Rechte und Pflichten von LKK und des Mieters<\/h3>\t\t\t\t<\/div>\n\t\t\t\t<\/div>\n\t\t\t\t<div class=\"elementor-element elementor-element-41e634a elementor-widget elementor-widget-text-editor\" data-id=\"41e634a\" data-element_type=\"widget\" data-e-type=\"widget\" data-widget_type=\"text-editor.default\">\n\t\t\t\t<div class=\"elementor-widget-container\">\n\t\t\t\t\t\t\t\t\t<p><strong>Verpflichtungen von LKK:<\/strong><br>LKK ist verpflichtet, das Boot in gutem Zustand und gesetzeskonform an den Leasingnehmer zu \u00fcbergeben sowie eine ausreichende Einweisung in die Benutzung des Bootes zu geben.<\/p>\t\t\t\t\t\t\t\t<\/div>\n\t\t\t\t<\/div>\n\t\t\t\t<div class=\"elementor-element elementor-element-ed2fa6c elementor-widget elementor-widget-text-editor\" data-id=\"ed2fa6c\" data-element_type=\"widget\" data-e-type=\"widget\" data-widget_type=\"text-editor.default\">\n\t\t\t\t<div class=\"elementor-widget-container\">\n\t\t\t\t\t\t\t\t\t<p><strong>Das Recht des Leasingnehmers zur K\u00fcndigung des Vertrags:<\/strong><br>Der Leasingnehmer hat das Recht, den Leasingvertrag zu k\u00fcndigen, wenn LKK die Vertragsbedingungen wesentlich verletzt.<\/p>\t\t\t\t\t\t\t\t<\/div>\n\t\t\t\t<\/div>\n\t\t\t\t\t<\/div>\n\t\t\t\t<\/div>\n\t\t<div data-particle_enable=\"false\" data-particle-mobile-disabled=\"false\" class=\"elementor-element elementor-element-bdf2d26 e-flex e-con-boxed e-con e-child\" data-id=\"bdf2d26\" data-element_type=\"container\" data-e-type=\"container\">\n\t\t\t\t\t<div class=\"e-con-inner\">\n\t\t\t\t<div class=\"elementor-element elementor-element-3694e08 elementor-widget elementor-widget-heading\" data-id=\"3694e08\" data-element_type=\"widget\" data-e-type=\"widget\" data-widget_type=\"heading.default\">\n\t\t\t\t<div class=\"elementor-widget-container\">\n\t\t\t\t\t<h3 class=\"elementor-heading-title elementor-size-default\">Beendigung des Vertrags und Streitbeilegung<\/h3>\t\t\t\t<\/div>\n\t\t\t\t<\/div>\n\t\t\t\t<div class=\"elementor-element elementor-element-3f8b556 elementor-widget elementor-widget-text-editor\" data-id=\"3f8b556\" data-element_type=\"widget\" data-e-type=\"widget\" data-widget_type=\"text-editor.default\">\n\t\t\t\t<div class=\"elementor-widget-container\">\n\t\t\t\t\t\t\t\t\t<p><strong>Beendigung des Vertrags:<\/strong><br>Der Mietvertrag endet mit Ablauf der vereinbarten Mietdauer.<\/p>\t\t\t\t\t\t\t\t<\/div>\n\t\t\t\t<\/div>\n\t\t\t\t<div class=\"elementor-element elementor-element-6ff1f0f elementor-widget elementor-widget-text-editor\" data-id=\"6ff1f0f\" data-element_type=\"widget\" data-e-type=\"widget\" data-widget_type=\"text-editor.default\">\n\t\t\t\t<div class=\"elementor-widget-container\">\n\t\t\t\t\t\t\t\t\t<p><strong>Streitbeilegung:<\/strong><br>Meinungsverschiedenheiten werden durch Verhandlungen beigelegt. Falls erforderlich, kann die Angelegenheit dem Verbraucherbeschwerdeausschuss zur Pr\u00fcfung oder dem Bezirksgericht am Wohnsitz der Vertragsparteien vorgelegt werden.<\/p>\t\t\t\t\t\t\t\t<\/div>\n\t\t\t\t<\/div>\n\t\t\t\t\t<\/div>\n\t\t\t\t<\/div>\n\t\t\t\t\t<\/div>\n\t\t\t\t<\/div>\n\t\t\t\t\t<\/div>\n\t\t\t\t<\/div>\n\t\t<div data-particle_enable=\"false\" data-particle-mobile-disabled=\"false\" class=\"elementor-element elementor-element-ee8638d e-con-full e-flex e-con e-parent\" data-id=\"ee8638d\" data-element_type=\"container\" data-e-type=\"container\">\n\t\t\t\t<\/div>\n\t\t\t\t<\/div>\n\t\t","protected":false},"excerpt":{"rendered":"<p>L\u00e4s\u00e4kosken Kartano Oy liegt an der Grenze zu Kangasniemi und bietet die perfekte Umgebung zum Fliegenfischen, f\u00fcr Ausfl\u00fcge in die Natur und zum \u00dcbernachten. Sehen Sie sich die Kontaktdaten an und nehmen Sie Kontakt auf! <\/p>\n","protected":false},"author":43,"featured_media":14822,"parent":0,"menu_order":0,"comment_status":"closed","ping_status":"closed","template":"elementor_header_footer","meta":{"footnotes":""},"class_list":["post-14821","page","type-page","status-publish","has-post-thumbnail","hentry"],"_links":{"self":[{"href":"https:\/\/lasakoski.fi\/de\/wp-json\/wp\/v2\/pages\/14821","targetHints":{"allow":["GET"]}}],"collection":[{"href":"https:\/\/lasakoski.fi\/de\/wp-json\/wp\/v2\/pages"}],"about":[{"href":"https:\/\/lasakoski.fi\/de\/wp-json\/wp\/v2\/types\/page"}],"author":[{"embeddable":true,"href":"https:\/\/lasakoski.fi\/de\/wp-json\/wp\/v2\/users\/43"}],"replies":[{"embeddable":true,"href":"https:\/\/lasakoski.fi\/de\/wp-json\/wp\/v2\/comments?post=14821"}],"version-history":[{"count":7,"href":"https:\/\/lasakoski.fi\/de\/wp-json\/wp\/v2\/pages\/14821\/revisions"}],"predecessor-version":[{"id":15369,"href":"https:\/\/lasakoski.fi\/de\/wp-json\/wp\/v2\/pages\/14821\/revisions\/15369"}],"wp:featuredmedia":[{"embeddable":true,"href":"https:\/\/lasakoski.fi\/de\/wp-json\/wp\/v2\/media\/14822"}],"wp:attachment":[{"href":"https:\/\/lasakoski.fi\/de\/wp-json\/wp\/v2\/media?parent=14821"}],"curies":[{"name":"wp","href":"https:\/\/api.w.org\/{rel}","templated":true}]}}