{"id":14824,"date":"2024-04-14T20:41:38","date_gmt":"2024-04-14T17:41:38","guid":{"rendered":"https:\/\/lasakoski.fi\/reservierungsbedingungen\/"},"modified":"2025-12-30T17:06:49","modified_gmt":"2025-12-30T15:06:49","slug":"reservierungsbedingungen","status":"publish","type":"page","link":"https:\/\/lasakoski.fi\/de\/reservierungsbedingungen\/","title":{"rendered":"Reservierungsbedingungen"},"content":{"rendered":"\t\t<div data-elementor-type=\"wp-page\" data-elementor-id=\"14824\" class=\"elementor elementor-14824 elementor-8018\" data-elementor-post-type=\"page\">\n\t\t\t\t<div data-particle_enable=\"false\" data-particle-mobile-disabled=\"false\" class=\"elementor-element elementor-element-f2b2611 e-flex e-con-boxed e-con e-parent\" data-id=\"f2b2611\" data-element_type=\"container\" data-e-type=\"container\" data-settings=\"{&quot;background_background&quot;:&quot;classic&quot;,&quot;animation&quot;:&quot;none&quot;}\">\n\t\t\t\t\t<div class=\"e-con-inner\">\n\t\t\t\t<div class=\"elementor-element elementor-element-e871939 elementor-widget elementor-widget-heading\" data-id=\"e871939\" data-element_type=\"widget\" data-e-type=\"widget\" data-widget_type=\"heading.default\">\n\t\t\t\t<div class=\"elementor-widget-container\">\n\t\t\t\t\t<h1 class=\"elementor-heading-title elementor-size-default\">Reservierungs-, Unterkunfts- und Stornierungsbedingungen<\/h1>\t\t\t\t<\/div>\n\t\t\t\t<\/div>\n\t\t\t\t<div class=\"elementor-element elementor-element-d85c390 elementor-widget elementor-widget-text-editor\" data-id=\"d85c390\" data-element_type=\"widget\" data-e-type=\"widget\" data-widget_type=\"text-editor.default\">\n\t\t\t\t<div class=\"elementor-widget-container\">\n\t\t\t\t\t\t\t\t\t<p>L\u00e4s\u00e4kosken Kartano Oy h\u00e4lt sich bei der Vermietung von Fischereirechten und Unterk\u00fcnften an diese Gesch\u00e4ftsbedingungen. Diese Bedingungen sind f\u00fcr beide Parteien verbindlich, nachdem der Kunde die in den Allgemeinen Gesch\u00e4ftsbedingungen festgelegte Reservierungsgeb\u00fchr an L\u00e4s\u00e4kosken Kartano Oy gezahlt hat. <\/p>\t\t\t\t\t\t\t\t<\/div>\n\t\t\t\t<\/div>\n\t\t\t\t<div class=\"elementor-element elementor-element-96d8702 elementor-toc--minimized-on-tablet elementor-widget elementor-widget-table-of-contents\" data-id=\"96d8702\" data-element_type=\"widget\" data-e-type=\"widget\" data-settings=\"{&quot;exclude_headings_by_selector&quot;:[],&quot;no_headings_message&quot;:&quot;No headings were found on this page.&quot;,&quot;headings_by_tags&quot;:[&quot;h2&quot;,&quot;h3&quot;,&quot;h4&quot;,&quot;h5&quot;,&quot;h6&quot;],&quot;marker_view&quot;:&quot;numbers&quot;,&quot;minimize_box&quot;:&quot;yes&quot;,&quot;minimized_on&quot;:&quot;tablet&quot;,&quot;hierarchical_view&quot;:&quot;yes&quot;,&quot;min_height&quot;:{&quot;unit&quot;:&quot;px&quot;,&quot;size&quot;:&quot;&quot;,&quot;sizes&quot;:[]},&quot;min_height_tablet&quot;:{&quot;unit&quot;:&quot;px&quot;,&quot;size&quot;:&quot;&quot;,&quot;sizes&quot;:[]},&quot;min_height_mobile&quot;:{&quot;unit&quot;:&quot;px&quot;,&quot;size&quot;:&quot;&quot;,&quot;sizes&quot;:[]}}\" data-widget_type=\"table-of-contents.default\">\n\t\t\t\t<div class=\"elementor-widget-container\">\n\t\t\t\t\t\t\t\t\t<div class=\"elementor-toc__header\">\n\t\t\t\t\t\t<h2 class=\"elementor-toc__header-title\">\n\t\t\t\tInhalt\t\t\t<\/h2>\n\t\t\t\t\t\t\t\t\t\t<div class=\"elementor-toc__toggle-button elementor-toc__toggle-button--expand\" role=\"button\" tabindex=\"0\" aria-controls=\"elementor-toc__96d8702\" aria-expanded=\"true\" aria-label=\"Inhaltsverzeichnis \u00f6ffnen\"><i aria-hidden=\"true\" class=\"fas fa-chevron-down\"><\/i><\/div>\n\t\t\t\t<div class=\"elementor-toc__toggle-button elementor-toc__toggle-button--collapse\" role=\"button\" tabindex=\"0\" aria-controls=\"elementor-toc__96d8702\" aria-expanded=\"true\" aria-label=\"Inhaltsverzeichnis schlie\u00dfen\"><i aria-hidden=\"true\" class=\"fas fa-chevron-up\"><\/i><\/div>\n\t\t\t\t\t<\/div>\n\t\t\t\t<div id=\"elementor-toc__96d8702\" class=\"elementor-toc__body\">\n\t\t\t<div class=\"elementor-toc__spinner-container\">\n\t\t\t\t<i class=\"elementor-toc__spinner eicon-animation-spin eicon-loading\" aria-hidden=\"true\"><\/i>\t\t\t<\/div>\n\t\t<\/div>\n\t\t\t\t\t\t<\/div>\n\t\t\t\t<\/div>\n\t\t<div data-particle_enable=\"false\" data-particle-mobile-disabled=\"false\" class=\"elementor-element elementor-element-f84c101 e-flex e-con-boxed e-con e-child\" data-id=\"f84c101\" data-element_type=\"container\" data-e-type=\"container\">\n\t\t\t\t\t<div class=\"e-con-inner\">\n\t\t<div data-particle_enable=\"false\" data-particle-mobile-disabled=\"false\" class=\"elementor-element elementor-element-4177cfa e-flex e-con-boxed e-con e-child\" data-id=\"4177cfa\" data-element_type=\"container\" data-e-type=\"container\">\n\t\t\t\t\t<div class=\"e-con-inner\">\n\t\t\t\t<div class=\"elementor-element elementor-element-ff75d1b elementor-widget elementor-widget-heading\" data-id=\"ff75d1b\" data-element_type=\"widget\" data-e-type=\"widget\" data-widget_type=\"heading.default\">\n\t\t\t\t<div class=\"elementor-widget-container\">\n\t\t\t\t\t<h2 class=\"elementor-heading-title elementor-size-default\">Reservierungsbedingungen<\/h2>\t\t\t\t<\/div>\n\t\t\t\t<\/div>\n\t\t\t\t<div class=\"elementor-element elementor-element-70ae274 elementor-widget elementor-widget-text-editor\" data-id=\"70ae274\" data-element_type=\"widget\" data-e-type=\"widget\" data-widget_type=\"text-editor.default\">\n\t\t\t\t<div class=\"elementor-widget-container\">\n\t\t\t\t\t\t\t\t\t<p style=\"font-size: 18px; background-color: #ffffff; letter-spacing: 0.2px;\">Die Reservierung wird best\u00e4tigt, sobald L\u00e4s\u00e4kosken Kartano Oy die Reservierungszahlung erhalten hat und diese als eingegangen kennzeichnet, indem sie die Reservierung best\u00e4tigt und dem Kunden eine Reservierungsbest\u00e4tigung zusendet. Der Kunde hat die Reservierungsgeb\u00fchr bezahlt und die Reservierungsbest\u00e4tigung an die bei der Reservierung angegebene E-Mail-Adresse erhalten. <\/p><p style=\"font-size: 18px; background-color: #ffffff; letter-spacing: 0.2px;\">Wenn der Kunde die Zahlungen nicht fristgerecht leistet, beh\u00e4lt sich L\u00e4s\u00e4kosken Kartano Oy das Recht vor, die Reservierung ohne weitere Ank\u00fcndigung zu stornieren.<\/p><p style=\"font-size: 18px; background-color: #ffffff; letter-spacing: 0.2px;\"><span style=\"font-size: 18px; background-color: #ffffff; letter-spacing: 0.2px;\">Wird die Ferienunterkunft nicht oder versp\u00e4tet angenommen, hat der Kunde keinen Anspruch auf R\u00fcckerstattung der Miete. Unterbricht der Kunde seine Reservierung und verl\u00e4sst die Ferienunterkunft vor Ablauf der Mietzeit, wird keine Entsch\u00e4digung f\u00fcr die nicht genutzte Zeit gezahlt, und der Kunde hat keinen Anspruch auf R\u00fcckerstattung der Miete. <\/span><\/p><p style=\"padding-bottom: 1em; font-size: 18px; background-color: #ffffff; letter-spacing: 0.2px;\"><span style=\"font-size: 18px; background-color: #ffffff; letter-spacing: 0.2px;\">Bei der Reservierung von Angelrechten und\/oder Unterk\u00fcnften versteht und akzeptiert der Kunde, dass im Falle einer Stornierung oder Nichterscheinen die normalen Reservierungs- und Stornierungsbedingungen von L\u00e4s\u00e4kosken Kartano Oy in den vorgenannten Situationen (Pandemie\/Epidemie) gelten. <\/span><\/p>\t\t\t\t\t\t\t\t<\/div>\n\t\t\t\t<\/div>\n\t\t\t\t\t<\/div>\n\t\t\t\t<\/div>\n\t\t<div data-particle_enable=\"false\" data-particle-mobile-disabled=\"false\" class=\"elementor-element elementor-element-74dc95c e-flex e-con-boxed e-con e-child\" data-id=\"74dc95c\" data-element_type=\"container\" data-e-type=\"container\">\n\t\t\t\t\t<div class=\"e-con-inner\">\n\t\t\t\t<div class=\"elementor-element elementor-element-dfb673e elementor-widget elementor-widget-heading\" data-id=\"dfb673e\" data-element_type=\"widget\" data-e-type=\"widget\" data-widget_type=\"heading.default\">\n\t\t\t\t<div class=\"elementor-widget-container\">\n\t\t\t\t\t<h2 class=\"elementor-heading-title elementor-size-default\">Stornierungsbedingungen<\/h2>\t\t\t\t<\/div>\n\t\t\t\t<\/div>\n\t\t\t\t<div class=\"elementor-element elementor-element-ca8394c elementor-widget elementor-widget-text-editor\" data-id=\"ca8394c\" data-element_type=\"widget\" data-e-type=\"widget\" data-widget_type=\"text-editor.default\">\n\t\t\t\t<div class=\"elementor-widget-container\">\n\t\t\t\t\t\t\t\t\t<p>Bei einer Stornierung weniger als 2 Wochen vor Buchungsbeginn behalten wir den vollen Buchungsbetrag ein. Wird die stornierte Reservierung weiterverkauft, behalten wir 25 % des Gesamtbetrags ein.<\/p>\n<p>Stornierungen von Reservierungen aufgrund globaler oder lokaler Epidemien oder Pandemien (z. B. COVID-19, Coronavirus) oder aufgrund von dadurch verursachten Reisebeschr\u00e4nkungen oder die Entscheidung des Kunden, seine Reservierung nicht zu nutzen oder die Reservierung zu k\u00fcndigen, stellen keine Situation h\u00f6herer Gewalt dar.<\/p>\t\t\t\t\t\t\t\t<\/div>\n\t\t\t\t<\/div>\n\t\t\t\t\t<\/div>\n\t\t\t\t<\/div>\n\t\t<div data-particle_enable=\"false\" data-particle-mobile-disabled=\"false\" class=\"elementor-element elementor-element-c7dafef e-flex e-con-boxed e-con e-child\" data-id=\"c7dafef\" data-element_type=\"container\" data-e-type=\"container\">\n\t\t\t\t\t<div class=\"e-con-inner\">\n\t\t\t\t<div class=\"elementor-element elementor-element-73e54e0 elementor-widget elementor-widget-heading\" data-id=\"73e54e0\" data-element_type=\"widget\" data-e-type=\"widget\" data-widget_type=\"heading.default\">\n\t\t\t\t<div class=\"elementor-widget-container\">\n\t\t\t\t\t<h2 class=\"elementor-heading-title elementor-size-default\">Aufenthalt in der reservierten Unterkunft<\/h2>\t\t\t\t<\/div>\n\t\t\t\t<\/div>\n\t\t\t\t<div class=\"elementor-element elementor-element-e0881aa elementor-widget elementor-widget-text-editor\" data-id=\"e0881aa\" data-element_type=\"widget\" data-e-type=\"widget\" data-widget_type=\"text-editor.default\">\n\t\t\t\t<div class=\"elementor-widget-container\">\n\t\t\t\t\t\t\t\t\t<p>Der reservierte Bereich steht dem Kunden in der Regel ab dem Anreisetag ab 15:00 Uhr zur Verf\u00fcgung. <\/p><p>Die genaue Check-in-Zeit und -Methode f\u00fcr die Unterkunft sowie die Schl\u00fcssel\u00fcbergabe werden in der Buchungsbest\u00e4tigung angegeben, die der Kunde zu \u00fcberpr\u00fcfen hat.<\/p><p>Die Miete beinhaltet das Recht, den reservierten Ort f\u00fcr den gebuchten Zeitraum zu nutzen. Der normale Energieverbrauch, M\u00f6bel, Koch- und Essgeschirr, Geschirr, Matratzen, Decken und Kissen sind im Preis inbegriffen. <\/p><p>Bettw\u00e4sche und Handt\u00fccher sind nicht im Mietpreis enthalten, sofern in der Beschreibung der Unterkunft nichts anderes angegeben ist. Die Kunden m\u00fcssen Bettw\u00e4sche benutzen. Bettw\u00e4sche und Handt\u00fccher k\u00f6nnen bei der Buchung bestellt werden, sofern sie nicht im Mietpreis der Unterkunft enthalten sind. Kunden sollten sich vorab anhand der Objektbeschreibung oder beim Kundenservice \u00fcber die Verf\u00fcgbarkeit von Bettw\u00e4sche und Handt\u00fcchern informieren. <\/p><p>Der Kunde ist w\u00e4hrend der Reservierungszeit f\u00fcr die allgemeine Sauberkeit des reservierten Bereichs verantwortlich.<\/p><p>Die reservierte Unterkunft darf von der maximalen Personenzahl genutzt werden, die in der Beschreibung der Unterkunft als Anzahl der Betten angegeben ist oder die zum Zeitpunkt der Buchung vereinbart wurde. Partys und andere Veranstaltungen m\u00fcssen im Voraus mit L\u00e4s\u00e4kosken Kartano Oy abgesprochen werden. <\/p><p>Die Nutzung eines Zeltes, Wohnwagens oder Mietger\u00e4ts (z. B. Whirlpool) auf dem Gel\u00e4nde des reservierten Stellplatzes ohne die Erlaubnis des Eigent\u00fcmers ist untersagt.<\/p><p>Das Rauchen und Verbrennen von R\u00e4ucherst\u00e4bchen oder \u00e4hnlichen Substanzen ist in allen Innenr\u00e4umen des reservierten Bereichs verboten. <\/p><p>Die Mitnahme eines Haustieres zum reservierten Ort muss bei der Buchung angemeldet werden. Haustiere sind nur an Orten erlaubt, an denen sie gestattet sind. <\/p>\t\t\t\t\t\t\t\t<\/div>\n\t\t\t\t<\/div>\n\t\t\t\t\t<\/div>\n\t\t\t\t<\/div>\n\t\t<div data-particle_enable=\"false\" data-particle-mobile-disabled=\"false\" class=\"elementor-element elementor-element-aa4247e e-flex e-con-boxed e-con e-child\" data-id=\"aa4247e\" data-element_type=\"container\" data-e-type=\"container\">\n\t\t\t\t\t<div class=\"e-con-inner\">\n\t\t\t\t<div class=\"elementor-element elementor-element-513fbff elementor-widget elementor-widget-heading\" data-id=\"513fbff\" data-element_type=\"widget\" data-e-type=\"widget\" data-widget_type=\"heading.default\">\n\t\t\t\t<div class=\"elementor-widget-container\">\n\t\t\t\t\t<h2 class=\"elementor-heading-title elementor-size-default\">Das Recht von L\u00e4s\u00e4kosken Kartano Oy, eine Reservierung zu stornieren<\/h2>\t\t\t\t<\/div>\n\t\t\t\t<\/div>\n\t\t\t\t<div class=\"elementor-element elementor-element-f3f2681 elementor-widget elementor-widget-text-editor\" data-id=\"f3f2681\" data-element_type=\"widget\" data-e-type=\"widget\" data-widget_type=\"text-editor.default\">\n\t\t\t\t<div class=\"elementor-widget-container\">\n\t\t\t\t\t\t\t\t\t<p>Im Falle h\u00f6herer Gewalt, z. B. aufgrund von Wasserbedingungen, Wassertemperatur, Fischlaichzeit, Fischforschung oder aus anderen Gr\u00fcnden, beh\u00e4lt sich L\u00e4s\u00e4kosken Kartano Oy das Recht vor, die Reservierung und die Fischereirechte zu stornieren. Wir behalten uns das Recht vor, die Regeln zu \u00e4ndern.<\/p><p>In einem solchen Fall hat der Kunde das Recht, die bezahlte Reservierung auf einen anderen gew\u00e4hlten Zeitpunkt oder auf die folgende Saison zu \u00fcbertragen. <span style=\"font-size: 18px; color: var( --e-global-color-text ); letter-spacing: 0.2px; text-align: var(--text-align);\">Wenn der Kunde die Reservierung in diesem Zusammenhang stornieren m\u00f6chte, erstatten wir die Reservierungsgeb\u00fchr abz\u00fcglich einer Bearbeitungsgeb\u00fchr von 60 \u20ac.<\/span><\/p><p><span style=\"color: var( --e-global-color-text ); font-size: 18px; letter-spacing: 0.2px; text-align: var(--text-align);\">Falls die Reservierung aufgrund des st\u00f6renden Verhaltens des Kunden unterbrochen werden muss, erfolgt keine R\u00fcckerstattung.<\/span><\/p><p>Wenn der Kunde die Zahlungen nicht fristgerecht leistet, beh\u00e4lt sich L\u00e4s\u00e4kosken Kartano Oy das Recht vor, die Reservierung ohne weitere Ank\u00fcndigung zu stornieren.<\/p>\t\t\t\t\t\t\t\t<\/div>\n\t\t\t\t<\/div>\n\t\t\t\t\t<\/div>\n\t\t\t\t<\/div>\n\t\t<div data-particle_enable=\"false\" data-particle-mobile-disabled=\"false\" class=\"elementor-element elementor-element-d8833d4 e-flex e-con-boxed e-con e-child\" data-id=\"d8833d4\" data-element_type=\"container\" data-e-type=\"container\">\n\t\t\t\t\t<div class=\"e-con-inner\">\n\t\t\t\t<div class=\"elementor-element elementor-element-3e86706 elementor-widget elementor-widget-heading\" data-id=\"3e86706\" data-element_type=\"widget\" data-e-type=\"widget\" data-widget_type=\"heading.default\">\n\t\t\t\t<div class=\"elementor-widget-container\">\n\t\t\t\t\t<h2 class=\"elementor-heading-title elementor-size-default\">Pflichten des Kunden und \u00dcbergabe des Mietobjekts am Abreisetag<\/h2>\t\t\t\t<\/div>\n\t\t\t\t<\/div>\n\t\t\t\t<div class=\"elementor-element elementor-element-de5a967 elementor-widget elementor-widget-text-editor\" data-id=\"de5a967\" data-element_type=\"widget\" data-e-type=\"widget\" data-widget_type=\"text-editor.default\">\n\t\t\t\t<div class=\"elementor-widget-container\">\n\t\t\t\t\t\t\t\t\t<p>Der Kunde hat das Mietobjekt und die Schl\u00fcssel am Abreisetag bis sp\u00e4testens 12:00 Uhr zu \u00fcbergeben. Hinweise zur \u00dcbergabe des Objekts und der Schl\u00fcssel sowie zum Fangbericht finden Sie in der Buchungsbest\u00e4tigung, die der Kunde unbedingt pr\u00fcfen muss. Sollte der Kunde zu einem anderen Zeitpunkt abreisen, m\u00fcssen die Vereinbarungen zur Schl\u00fcssel\u00fcbergabe rechtzeitig mit dem Eigent\u00fcmer getroffen werden. <\/p><p>Der Kunde haftet f\u00fcr alle Sch\u00e4den, die am Mietobjekt entstehen. Jegliche Sch\u00e4den m\u00fcssen unverz\u00fcglich dem Eigent\u00fcmer oder dem Verantwortlichen gemeldet werden. Der Kunde ist verpflichtet, L\u00e4s\u00e4kosken Kartano Oy f\u00fcr alle entstandenen Sch\u00e4den zu entsch\u00e4digen. <\/p><p>Der Kunde ist f\u00fcr die Reinigung des Mietobjekts am Ende des Aufenthalts verantwortlich.<\/p><p>Zur Endreinigung geh\u00f6ren das Abwaschen und Wegr\u00e4umen des Geschirrs, das Herausbringen des M\u00fclls, das Entfernen leerer Flaschen und Dosen, das Zur\u00fcckstellen der M\u00f6bel an ihren urspr\u00fcnglichen Platz, das Entsorgen von Lebensmitteln oder deren Bringen zum M\u00fcll sowie das Sauberhalten und Aufr\u00e4umen des Au\u00dfenbereichs und des Grills. <\/p><p>Der Kunde ist verpflichtet, die Reinigungskosten sowie alle zus\u00e4tzlichen Kosten, die durch Fahrl\u00e4ssigkeit entstehen und die die normalen Reinigungskosten (160 \u20ac) \u00fcbersteigen, zu tragen.<\/p><p>Wenn der Kunde Bettw\u00e4sche und Handt\u00fccher gemietet hat oder diese im Mietpreis enthalten sind, m\u00fcssen sie bei Abreise auf dem Bett gestapelt werden.<\/p><p>Das Rauchen ist in allen Innenr\u00e4umen des Mietobjekts verboten. Das Mietobjekt muss bei Abreise sauber hinterlassen werden. Der Kunde ist verpflichtet, die Reinigungskosten zu tragen, wenn in den R\u00e4umlichkeiten geraucht wurde oder wenn die Reinigung nicht oder nicht ausreichend durchgef\u00fchrt wurde. Der Hausmeister muss in diesem Fall die Reinigung vor der Ankunft des n\u00e4chsten Kunden veranlassen. <\/p>\t\t\t\t\t\t\t\t<\/div>\n\t\t\t\t<\/div>\n\t\t\t\t\t<\/div>\n\t\t\t\t<\/div>\n\t\t\t\t\t<\/div>\n\t\t\t\t<\/div>\n\t\t\t\t\t<\/div>\n\t\t\t\t<\/div>\n\t\t<div data-particle_enable=\"false\" data-particle-mobile-disabled=\"false\" class=\"elementor-element elementor-element-c9a514e e-con-full e-flex e-con e-parent\" data-id=\"c9a514e\" data-element_type=\"container\" data-e-type=\"container\">\n\t\t\t\t<div class=\"elementor-element elementor-element-c9853a7 elementor-widget elementor-widget-template\" data-id=\"c9853a7\" data-element_type=\"widget\" data-e-type=\"widget\" data-widget_type=\"template.default\">\n\t\t\t\t<div class=\"elementor-widget-container\">\n\t\t\t\t\t\t\t<div class=\"elementor-template\">\n\t\t\t\t\t<\/div>\n\t\t\t\t\t\t<\/div>\n\t\t\t\t<\/div>\n\t\t\t\t<\/div>\n\t\t\t\t<\/div>\n\t\t","protected":false},"excerpt":{"rendered":"<p>Reservierungsbedingungen f\u00fcr L\u00e4s\u00e4koski Manor<\/p>\n","protected":false},"author":43,"featured_media":14822,"parent":0,"menu_order":0,"comment_status":"closed","ping_status":"closed","template":"elementor_header_footer","meta":{"footnotes":""},"class_list":["post-14824","page","type-page","status-publish","has-post-thumbnail","hentry"],"_links":{"self":[{"href":"https:\/\/lasakoski.fi\/de\/wp-json\/wp\/v2\/pages\/14824","targetHints":{"allow":["GET"]}}],"collection":[{"href":"https:\/\/lasakoski.fi\/de\/wp-json\/wp\/v2\/pages"}],"about":[{"href":"https:\/\/lasakoski.fi\/de\/wp-json\/wp\/v2\/types\/page"}],"author":[{"embeddable":true,"href":"https:\/\/lasakoski.fi\/de\/wp-json\/wp\/v2\/users\/43"}],"replies":[{"embeddable":true,"href":"https:\/\/lasakoski.fi\/de\/wp-json\/wp\/v2\/comments?post=14824"}],"version-history":[{"count":7,"href":"https:\/\/lasakoski.fi\/de\/wp-json\/wp\/v2\/pages\/14824\/revisions"}],"predecessor-version":[{"id":15255,"href":"https:\/\/lasakoski.fi\/de\/wp-json\/wp\/v2\/pages\/14824\/revisions\/15255"}],"wp:featuredmedia":[{"embeddable":true,"href":"https:\/\/lasakoski.fi\/de\/wp-json\/wp\/v2\/media\/14822"}],"wp:attachment":[{"href":"https:\/\/lasakoski.fi\/de\/wp-json\/wp\/v2\/media?parent=14824"}],"curies":[{"name":"wp","href":"https:\/\/api.w.org\/{rel}","templated":true}]}}